{"id":13268491,"date":"2026-02-11T07:41:36","date_gmt":"2026-02-11T06:41:36","guid":{"rendered":"https:\/\/www.etf.fr\/?page_id=13268491"},"modified":"2026-02-12T10:15:22","modified_gmt":"2026-02-12T09:15:22","slug":"presentation","status":"publish","type":"page","link":"https:\/\/www.etf.fr\/en\/about-us\/presentation\/","title":{"rendered":"Presentation"},"content":{"rendered":"\n<h1 class=\"wp-block-heading has-text-align-center titre-page-presentation\">ETF is committed to sustainable freedom of movement accessible to all<\/h1>\n\n\n\n<div class=\"wp-block-columns are-vertically-aligned-center is-layout-flex wp-container-core-columns-is-layout-9d6595d7 wp-block-columns-is-layout-flex\">\n<div class=\"wp-block-column is-vertically-aligned-center is-layout-flow wp-block-column-is-layout-flow\"><div class=\"wp-block-image first-img-pres\">\n<figure class=\"aligncenter size-full\"><img loading=\"lazy\" decoding=\"async\" width=\"580\" height=\"320\" src=\"https:\/\/www.etf.fr\/wp-content\/uploads\/2026\/02\/Raison-etre-ETF-innovation-securite-service.jpg\" alt=\"\" class=\"wp-image-14182550\" srcset=\"https:\/\/www.etf.fr\/wp-content\/uploads\/2026\/02\/Raison-etre-ETF-innovation-securite-service.jpg 580w, https:\/\/www.etf.fr\/wp-content\/uploads\/2026\/02\/Raison-etre-ETF-innovation-securite-service-250x138.jpg 250w\" sizes=\"auto, (max-width: 580px) 100vw, 580px\" \/><\/figure>\n<\/div><\/div>\n\n\n\n<div class=\"wp-block-column is-vertically-aligned-center is-layout-flow wp-block-column-is-layout-flow\">\n<p class=\"font-page-pres\">In France, VINCI Construction relies on a network of subsidiaries to design, finance, carry out and maintain any construction project in the building, civil engineering, road and network sectors.<\/p>\n\n\n\n<p class=\"font-page-pres\">Within the French Networks activities, ETF develops safe, fast and sustainable rail mobility, serving people and territories.<\/p>\n<\/div>\n<\/div>\n\n\n\n<div style=\"height:20px\" aria-hidden=\"true\" class=\"wp-block-spacer\"><\/div>\n\n\n\n<p class=\"accroche-presentation\">Our raison d&#8217;\u00eatre&nbsp;:<\/p>\n\n\n\n<div class=\"wp-block-columns blue-card is-layout-flex wp-container-core-columns-is-layout-9d6595d7 wp-block-columns-is-layout-flex\">\n<div class=\"wp-block-column is-layout-flow wp-block-column-is-layout-flow\">\n<div class=\"wp-block-group accroche-blue-card is-vertical is-content-justification-stretch is-layout-flex wp-container-core-group-is-layout-b16ad781 wp-block-group-is-layout-flex\">\n<p>ETF WOMEN AND MEN ARE COMMITTED <\/p>\n\n\n\n<p>TO SUSTAINABLE FREEDOM OF MOVEMENT ACCESSIBLE TO ALL<\/p>\n\n\n\n<div style=\"height:0px\" aria-hidden=\"true\" class=\"wp-block-spacer wp-container-content-c00f5982\"><\/div>\n<\/div>\n\n\n\n<div class=\"wp-block-group is-vertical is-content-justification-stretch is-layout-flex wp-container-core-group-is-layout-b16ad781 wp-block-group-is-layout-flex\">\n<p>Day and night, across all regions,<\/p>\n\n\n\n<p>we optimize the lifecycle of railway infrastructure.<\/p>\n\n\n\n<div style=\"height:23px\" aria-hidden=\"true\" class=\"wp-block-spacer wp-container-content-78b3b043\"><\/div>\n\n\n\n<p>We innovate to ensure the safety of every employee,<\/p>\n\n\n\n<p>while guaranteeing uninterrupted service for our customers.<\/p>\n\n\n\n<div style=\"height:23px\" aria-hidden=\"true\" class=\"wp-block-spacer wp-container-content-78b3b043\"><\/div>\n\n\n\n<p>In this way, we join forces to contribute<\/p>\n\n\n\n<p>to economic growth and the development of social cohesion.<\/p>\n<\/div>\n<\/div>\n<\/div>\n\n\n\n<div style=\"height:25px\" aria-hidden=\"true\" class=\"wp-block-spacer\"><\/div>\n\n\n\n<p class=\"font-page-pres\">At ETF, our raison d&#8217;\u00eatre reflects a vision deeply rooted in the social utility of our profession.<\/p>\n\n\n\n<p class=\"font-page-pres\">We have always contributed to shaping a reliable, sustainable and accessible rail network, which is essential for the mobility of millions of users. In line with our CSR commitments, we wanted to go further and revisit the history of the company, listen to those who bring it to life on a daily basis and identify the founding themes that make up our identity.<\/p>\n\n\n\n<div style=\"height:25px\" aria-hidden=\"true\" class=\"wp-block-spacer\"><\/div>\n\n\n\n<div class=\"wp-block-columns is-layout-flex wp-container-core-columns-is-layout-9d6595d7 wp-block-columns-is-layout-flex\">\n<div class=\"wp-block-column is-layout-flow wp-block-column-is-layout-flow\">\n<p class=\"block-pres-left\">Our purpose expresses what we achieve collectively: enabling sustainable freedom of movement, accessible to everyone and across all regions. It recognises the daily commitment of the men and women of ETF, who work day and night to optimise the life cycle of railway infrastructure, guarantee the safety of every employee and ensure the smooth flow of traffic. Finally, it reminds us that every project, regardless of its scale, contributes to economic dynamism, social cohesion and the future of mobility.<\/p>\n<\/div>\n\n\n\n<div class=\"wp-block-column is-layout-flow wp-block-column-is-layout-flow\">\n<figure class=\"wp-block-image size-full fullsize-img\"><img loading=\"lazy\" decoding=\"async\" width=\"580\" height=\"320\" src=\"https:\/\/www.etf.fr\/wp-content\/uploads\/2026\/02\/Raison-etre-ETF-paysage.jpg\" alt=\"\" class=\"wp-image-14169417\" srcset=\"https:\/\/www.etf.fr\/wp-content\/uploads\/2026\/02\/Raison-etre-ETF-paysage.jpg 580w, https:\/\/www.etf.fr\/wp-content\/uploads\/2026\/02\/Raison-etre-ETF-paysage-250x138.jpg 250w\" sizes=\"auto, (max-width: 580px) 100vw, 580px\" \/><\/figure>\n\n\n\n<p class=\"block-pres-right\">By sharing it with all our stakeholders, we are transparently affirming ETF&#8217;s identity and giving everyone the opportunity to understand and measure the scope of its actions. This purpose is neither a slogan nor a mere stylistic exercise: it is a course of action, a guideline that will guide our decisions, commitments and investments for years to come.<\/p>\n<\/div>\n<\/div>\n\n\n\n<div style=\"height:80px\" aria-hidden=\"true\" class=\"wp-block-spacer\"><\/div>\n\n\n\n<div class=\"wp-block-columns is-layout-flex wp-container-core-columns-is-layout-9d6595d7 wp-block-columns-is-layout-flex\">\n<div class=\"wp-block-column is-layout-flow wp-block-column-is-layout-flow\" style=\"flex-basis:100%\">\n<figure class=\"wp-block-embed is-type-video is-provider-youtube wp-block-embed-youtube vid-yt wp-embed-aspect-16-9 wp-has-aspect-ratio\"><div class=\"wp-block-embed__wrapper\">\n<div class=\"oembed\">\n\t<iframe loading=\"lazy\" title=\"The purpose of ETFs\" width=\"500\" height=\"281\" src=\"https:\/\/www.youtube.com\/embed\/YoLbRe4kyDE?feature=oembed\" frameborder=\"0\" allow=\"accelerometer; autoplay; clipboard-write; encrypted-media; gyroscope; picture-in-picture; web-share\" referrerpolicy=\"strict-origin-when-cross-origin\" allowfullscreen><\/iframe><\/div>\n\n<\/div><\/figure>\n<\/div>\n<\/div>\n\n\n\n<div style=\"height:20px\" aria-hidden=\"true\" class=\"wp-block-spacer\"><\/div>\n\n\n\n<div style=\"height:42px\" aria-hidden=\"true\" class=\"wp-block-spacer\"><\/div>\n\n\n\n<h4 class=\"wp-block-heading has-text-align-center accroche-chiffres\" style=\"text-transform:none\">In 2025, ETF it was<\/h4>\n\n\n\n<div class=\"wp-block-columns is-not-stacked-on-mobile mob-center is-layout-flex wp-container-core-columns-is-layout-9d6595d7 wp-block-columns-is-layout-flex\">\n<div class=\"wp-block-column mob-50 is-layout-flow wp-block-column-is-layout-flow\">\r\n<div class=\"compteur-card bg-blue\">\r\n    <div class=\"compteur-container\">\r\n    \r\n                    <div class=\"compteur-icon\">\r\n                <img decoding=\"async\" src=\"https:\/\/www.etf.fr\/wp-content\/uploads\/2026\/02\/collaborateur.png\" alt=\"\">\r\n            <\/div>\r\n                <div class=\"compteur-content\">\r\n            <span class=\"compteur\" data-target=\"3395\">0<\/span><span class=\"texte-gras\"> Collaborators<\/span><br\/><span class=\"texte-fin\"> worldwide<\/span>        <\/div>\r\n\r\n    <\/div>\r\n\r\n<\/div><\/div>\n\n\n\n<div class=\"wp-block-column mob-50 is-layout-flow wp-block-column-is-layout-flow\">\r\n<div class=\"compteur-card bg-red\">\r\n    <div class=\"compteur-container\">\r\n    \r\n                    <div class=\"compteur-icon\">\r\n                <img decoding=\"async\" src=\"https:\/\/www.etf.fr\/wp-content\/uploads\/2026\/02\/picto_euro.png\" alt=\"\">\r\n            <\/div>\r\n                <div class=\"compteur-content\">\r\n            <span class=\"compteur\" data-target=\"676\">0<\/span><span class=\"texte-gras\"> Million \u20ac<\/span><br\/><span class=\"texte-fin\"> in revenue<\/span>        <\/div>\r\n\r\n    <\/div>\r\n\r\n<\/div><\/div>\n\n\n\n<div class=\"wp-block-column mob-50 is-layout-flow wp-block-column-is-layout-flow\">\r\n<div class=\"compteur-card bg-blue inverser\">\r\n    <div class=\"compteur-container\">\r\n    \r\n                    <div class=\"compteur-icon\">\r\n                <img decoding=\"async\" src=\"https:\/\/www.etf.fr\/wp-content\/uploads\/2026\/02\/picto_planete.png\" alt=\"\">\r\n            <\/div>\r\n                <div class=\"compteur-content\">\r\n            <span class=\"texte-fin\">A pr\u00e9sence in <\/span><br\/><span class=\"compteur\" data-target=\"7\">0<\/span><span class=\"texte-gras\"> Countries<\/span>        <\/div>\r\n\r\n    <\/div>\r\n\r\n<\/div><\/div>\n<\/div>\n\n\n\n<p><\/p>\n","protected":false},"excerpt":{"rendered":"<p>ETF is committed to sustainable freedom of movement accessible to all In France, VINCI Construction relies on a network of&#8230;<\/p>\n","protected":false},"author":239,"featured_media":71445,"parent":813,"menu_order":41,"comment_status":"closed","ping_status":"closed","template":"","meta":{"_acf_changed":false,"footnotes":""},"class_list":["post-13268491","page","type-page","status-publish","has-post-thumbnail","hentry"],"acf":[],"yoast_head":"<!-- This site is optimized with the Yoast SEO plugin v27.5 - https:\/\/yoast.com\/product\/yoast-seo-wordpress\/ -->\n<title>Presentation - ETF<\/title>\n<meta name=\"description\" content=\"ETF est la filiale\u00a0 ferroviaire d&#039;Eurovia (groupe VINCI). Notre mission est de d\u00e9velopper une mobilit\u00e9 ferroviaire s\u00fbre et rapide pour chacun.\" \/>\n<meta name=\"robots\" content=\"index, follow, max-snippet:-1, max-image-preview:large, max-video-preview:-1\" \/>\n<link rel=\"canonical\" href=\"https:\/\/www.etf.fr\/en\/about-us\/presentation\/\" \/>\n<meta property=\"og:locale\" content=\"en_US\" \/>\n<meta property=\"og:type\" content=\"article\" \/>\n<meta property=\"og:title\" content=\"Presentation - ETF\" \/>\n<meta property=\"og:description\" content=\"ETF est la filiale\u00a0 ferroviaire d&#039;Eurovia (groupe VINCI). Notre mission est de d\u00e9velopper une mobilit\u00e9 ferroviaire s\u00fbre et rapide pour chacun.\" \/>\n<meta property=\"og:url\" content=\"https:\/\/www.etf.fr\/en\/about-us\/presentation\/\" \/>\n<meta property=\"og:site_name\" content=\"ETF\" \/>\n<meta property=\"article:modified_time\" content=\"2026-02-12T09:15:22+00:00\" \/>\n<meta property=\"og:image\" content=\"https:\/\/www.etf.fr\/wp-content\/uploads\/2022\/09\/2021-04-02-043310488.jpg\" \/>\n\t<meta property=\"og:image:width\" content=\"1920\" \/>\n\t<meta property=\"og:image:height\" content=\"1080\" \/>\n\t<meta property=\"og:image:type\" content=\"image\/jpeg\" \/>\n<meta name=\"twitter:card\" content=\"summary_large_image\" \/>\n<meta name=\"twitter:label1\" content=\"Est. reading time\" \/>\n\t<meta name=\"twitter:data1\" content=\"3 minutes\" \/>\n<script type=\"application\/ld+json\" class=\"yoast-schema-graph\">{\"@context\":\"https:\\\/\\\/schema.org\",\"@graph\":[{\"@type\":\"WebPage\",\"@id\":\"https:\\\/\\\/www.etf.fr\\\/en\\\/about-us\\\/presentation\\\/\",\"url\":\"https:\\\/\\\/www.etf.fr\\\/en\\\/about-us\\\/presentation\\\/\",\"name\":\"Presentation - ETF\",\"isPartOf\":{\"@id\":\"https:\\\/\\\/www.etf.fr\\\/#website\"},\"primaryImageOfPage\":{\"@id\":\"https:\\\/\\\/www.etf.fr\\\/en\\\/about-us\\\/presentation\\\/#primaryimage\"},\"image\":{\"@id\":\"https:\\\/\\\/www.etf.fr\\\/en\\\/about-us\\\/presentation\\\/#primaryimage\"},\"thumbnailUrl\":\"https:\\\/\\\/www.etf.fr\\\/wp-content\\\/uploads\\\/2022\\\/09\\\/2021-04-02-043310488.jpg\",\"datePublished\":\"2026-02-11T06:41:36+00:00\",\"dateModified\":\"2026-02-12T09:15:22+00:00\",\"description\":\"ETF est la filiale\u00a0 ferroviaire d'Eurovia (groupe VINCI). Notre mission est de d\u00e9velopper une mobilit\u00e9 ferroviaire s\u00fbre et rapide pour chacun.\",\"breadcrumb\":{\"@id\":\"https:\\\/\\\/www.etf.fr\\\/en\\\/about-us\\\/presentation\\\/#breadcrumb\"},\"inLanguage\":\"en-US\",\"potentialAction\":[{\"@type\":\"ReadAction\",\"target\":[\"https:\\\/\\\/www.etf.fr\\\/en\\\/about-us\\\/presentation\\\/\"]}]},{\"@type\":\"ImageObject\",\"inLanguage\":\"en-US\",\"@id\":\"https:\\\/\\\/www.etf.fr\\\/en\\\/about-us\\\/presentation\\\/#primaryimage\",\"url\":\"https:\\\/\\\/www.etf.fr\\\/wp-content\\\/uploads\\\/2022\\\/09\\\/2021-04-02-043310488.jpg\",\"contentUrl\":\"https:\\\/\\\/www.etf.fr\\\/wp-content\\\/uploads\\\/2022\\\/09\\\/2021-04-02-043310488.jpg\",\"width\":1920,\"height\":1080,\"caption\":\"Processed with VSCO with preset\"},{\"@type\":\"BreadcrumbList\",\"@id\":\"https:\\\/\\\/www.etf.fr\\\/en\\\/about-us\\\/presentation\\\/#breadcrumb\",\"itemListElement\":[{\"@type\":\"ListItem\",\"position\":1,\"name\":\"Accueil\",\"item\":\"https:\\\/\\\/www.etf.fr\\\/en\\\/\"},{\"@type\":\"ListItem\",\"position\":2,\"name\":\"About us\",\"item\":\"https:\\\/\\\/www.etf.fr\\\/en\\\/about-us\\\/\"},{\"@type\":\"ListItem\",\"position\":3,\"name\":\"Presentation\"}]},{\"@type\":\"WebSite\",\"@id\":\"https:\\\/\\\/www.etf.fr\\\/#website\",\"url\":\"https:\\\/\\\/www.etf.fr\\\/\",\"name\":\"ETF\",\"description\":\"Your transport partner worldwide\",\"publisher\":{\"@id\":\"https:\\\/\\\/www.etf.fr\\\/#organization\"},\"potentialAction\":[{\"@type\":\"SearchAction\",\"target\":{\"@type\":\"EntryPoint\",\"urlTemplate\":\"https:\\\/\\\/www.etf.fr\\\/?s={search_term_string}\"},\"query-input\":{\"@type\":\"PropertyValueSpecification\",\"valueRequired\":true,\"valueName\":\"search_term_string\"}}],\"inLanguage\":\"en-US\"},{\"@type\":\"Organization\",\"@id\":\"https:\\\/\\\/www.etf.fr\\\/#organization\",\"name\":\"ETF\",\"url\":\"https:\\\/\\\/www.etf.fr\\\/\",\"logo\":{\"@type\":\"ImageObject\",\"inLanguage\":\"en-US\",\"@id\":\"https:\\\/\\\/www.etf.fr\\\/#\\\/schema\\\/logo\\\/image\\\/\",\"url\":\"https:\\\/\\\/www.etf.fr\\\/wp-content\\\/uploads\\\/2019\\\/03\\\/logo-ETF.png\",\"contentUrl\":\"https:\\\/\\\/www.etf.fr\\\/wp-content\\\/uploads\\\/2019\\\/03\\\/logo-ETF.png\",\"width\":272,\"height\":161,\"caption\":\"ETF\"},\"image\":{\"@id\":\"https:\\\/\\\/www.etf.fr\\\/#\\\/schema\\\/logo\\\/image\\\/\"}}]}<\/script>\n<!-- \/ Yoast SEO plugin. -->","yoast_head_json":{"title":"Presentation - ETF","description":"ETF est la filiale\u00a0 ferroviaire d'Eurovia (groupe VINCI). Notre mission est de d\u00e9velopper une mobilit\u00e9 ferroviaire s\u00fbre et rapide pour chacun.","robots":{"index":"index","follow":"follow","max-snippet":"max-snippet:-1","max-image-preview":"max-image-preview:large","max-video-preview":"max-video-preview:-1"},"canonical":"https:\/\/www.etf.fr\/en\/about-us\/presentation\/","og_locale":"en_US","og_type":"article","og_title":"Presentation - ETF","og_description":"ETF est la filiale\u00a0 ferroviaire d'Eurovia (groupe VINCI). Notre mission est de d\u00e9velopper une mobilit\u00e9 ferroviaire s\u00fbre et rapide pour chacun.","og_url":"https:\/\/www.etf.fr\/en\/about-us\/presentation\/","og_site_name":"ETF","article_modified_time":"2026-02-12T09:15:22+00:00","og_image":[{"width":1920,"height":1080,"url":"https:\/\/www.etf.fr\/wp-content\/uploads\/2022\/09\/2021-04-02-043310488.jpg","type":"image\/jpeg"}],"twitter_card":"summary_large_image","twitter_misc":{"Est. reading time":"3 minutes"},"schema":{"@context":"https:\/\/schema.org","@graph":[{"@type":"WebPage","@id":"https:\/\/www.etf.fr\/en\/about-us\/presentation\/","url":"https:\/\/www.etf.fr\/en\/about-us\/presentation\/","name":"Presentation - ETF","isPartOf":{"@id":"https:\/\/www.etf.fr\/#website"},"primaryImageOfPage":{"@id":"https:\/\/www.etf.fr\/en\/about-us\/presentation\/#primaryimage"},"image":{"@id":"https:\/\/www.etf.fr\/en\/about-us\/presentation\/#primaryimage"},"thumbnailUrl":"https:\/\/www.etf.fr\/wp-content\/uploads\/2022\/09\/2021-04-02-043310488.jpg","datePublished":"2026-02-11T06:41:36+00:00","dateModified":"2026-02-12T09:15:22+00:00","description":"ETF est la filiale\u00a0 ferroviaire d'Eurovia (groupe VINCI). Notre mission est de d\u00e9velopper une mobilit\u00e9 ferroviaire s\u00fbre et rapide pour chacun.","breadcrumb":{"@id":"https:\/\/www.etf.fr\/en\/about-us\/presentation\/#breadcrumb"},"inLanguage":"en-US","potentialAction":[{"@type":"ReadAction","target":["https:\/\/www.etf.fr\/en\/about-us\/presentation\/"]}]},{"@type":"ImageObject","inLanguage":"en-US","@id":"https:\/\/www.etf.fr\/en\/about-us\/presentation\/#primaryimage","url":"https:\/\/www.etf.fr\/wp-content\/uploads\/2022\/09\/2021-04-02-043310488.jpg","contentUrl":"https:\/\/www.etf.fr\/wp-content\/uploads\/2022\/09\/2021-04-02-043310488.jpg","width":1920,"height":1080,"caption":"Processed with VSCO with preset"},{"@type":"BreadcrumbList","@id":"https:\/\/www.etf.fr\/en\/about-us\/presentation\/#breadcrumb","itemListElement":[{"@type":"ListItem","position":1,"name":"Accueil","item":"https:\/\/www.etf.fr\/en\/"},{"@type":"ListItem","position":2,"name":"About us","item":"https:\/\/www.etf.fr\/en\/about-us\/"},{"@type":"ListItem","position":3,"name":"Presentation"}]},{"@type":"WebSite","@id":"https:\/\/www.etf.fr\/#website","url":"https:\/\/www.etf.fr\/","name":"ETF","description":"Your transport partner worldwide","publisher":{"@id":"https:\/\/www.etf.fr\/#organization"},"potentialAction":[{"@type":"SearchAction","target":{"@type":"EntryPoint","urlTemplate":"https:\/\/www.etf.fr\/?s={search_term_string}"},"query-input":{"@type":"PropertyValueSpecification","valueRequired":true,"valueName":"search_term_string"}}],"inLanguage":"en-US"},{"@type":"Organization","@id":"https:\/\/www.etf.fr\/#organization","name":"ETF","url":"https:\/\/www.etf.fr\/","logo":{"@type":"ImageObject","inLanguage":"en-US","@id":"https:\/\/www.etf.fr\/#\/schema\/logo\/image\/","url":"https:\/\/www.etf.fr\/wp-content\/uploads\/2019\/03\/logo-ETF.png","contentUrl":"https:\/\/www.etf.fr\/wp-content\/uploads\/2019\/03\/logo-ETF.png","width":272,"height":161,"caption":"ETF"},"image":{"@id":"https:\/\/www.etf.fr\/#\/schema\/logo\/image\/"}}]}},"_links":{"self":[{"href":"https:\/\/www.etf.fr\/en\/wp-json\/wp\/v2\/pages\/13268491","targetHints":{"allow":["GET"]}}],"collection":[{"href":"https:\/\/www.etf.fr\/en\/wp-json\/wp\/v2\/pages"}],"about":[{"href":"https:\/\/www.etf.fr\/en\/wp-json\/wp\/v2\/types\/page"}],"author":[{"embeddable":true,"href":"https:\/\/www.etf.fr\/en\/wp-json\/wp\/v2\/users\/239"}],"replies":[{"embeddable":true,"href":"https:\/\/www.etf.fr\/en\/wp-json\/wp\/v2\/comments?post=13268491"}],"version-history":[{"count":6,"href":"https:\/\/www.etf.fr\/en\/wp-json\/wp\/v2\/pages\/13268491\/revisions"}],"predecessor-version":[{"id":14272893,"href":"https:\/\/www.etf.fr\/en\/wp-json\/wp\/v2\/pages\/13268491\/revisions\/14272893"}],"up":[{"embeddable":true,"href":"https:\/\/www.etf.fr\/en\/wp-json\/wp\/v2\/pages\/813"}],"wp:featuredmedia":[{"embeddable":true,"href":"https:\/\/www.etf.fr\/en\/wp-json\/wp\/v2\/media\/71445"}],"wp:attachment":[{"href":"https:\/\/www.etf.fr\/en\/wp-json\/wp\/v2\/media?parent=13268491"}],"curies":[{"name":"wp","href":"https:\/\/api.w.org\/{rel}","templated":true}]}}