{"id":95033,"date":"2023-07-12T16:28:36","date_gmt":"2023-07-12T14:28:36","guid":{"rendered":"https:\/\/www.etf.fr\/?page_id=95033"},"modified":"2024-01-31T10:28:37","modified_gmt":"2024-01-31T09:28:37","slug":"organisation","status":"publish","type":"page","link":"https:\/\/www.etf.fr\/en\/about-us\/organisation\/","title":{"rendered":"Organisation"},"content":{"rendered":"\n<h4 class=\"wp-block-heading has-text-align-center has-vivid-red-color has-text-color has-large-font-size\" style=\"text-transform:uppercase\">ETF IS ORGANISED AROUND THREE TYPES OF ACTIVITY TO MEET THE NEEDS OF ITS CUSTOMERS\u00a0<\/h4>\n\n\n\n<div style=\"height:80px\" aria-hidden=\"true\" class=\"wp-block-spacer\"><\/div>\n\n\n\n<div class=\"wp-block-media-text alignwide is-stacked-on-mobile is-image-fill\"><figure class=\"wp-block-media-text__media\" style=\"background-image:url(https:\/\/www.etf.fr\/wp-content\/uploads\/2023\/07\/Photo-Donges-953x535.png);background-position:50% 50%\"><img loading=\"lazy\" decoding=\"async\" width=\"953\" height=\"535\" src=\"https:\/\/www.etf.fr\/wp-content\/uploads\/2023\/07\/Photo-Donges-953x535.png\" alt=\"\" class=\"wp-image-95049 size-full\" srcset=\"https:\/\/www.etf.fr\/wp-content\/uploads\/2023\/07\/Photo-Donges-953x535.png 953w, https:\/\/www.etf.fr\/wp-content\/uploads\/2023\/07\/Photo-Donges-250x140.png 250w, https:\/\/www.etf.fr\/wp-content\/uploads\/2023\/07\/Photo-Donges-703x395.png 703w, https:\/\/www.etf.fr\/wp-content\/uploads\/2023\/07\/Photo-Donges-1536x863.png 1536w, https:\/\/www.etf.fr\/wp-content\/uploads\/2023\/07\/Photo-Donges-2048x1150.png 2048w\" sizes=\"auto, (max-width: 953px) 100vw, 953px\" \/><\/figure><div class=\"wp-block-media-text__content\">\n<p class=\"has-text-align-left has-black-color has-text-color\" style=\"font-size:29px\"><strong><strong>Local presence<\/strong><\/strong><\/p>\n\n\n\n<p class=\"has-black-color has-text-color has-link-color has-medium-font-size wp-elements-be5bdcfd6db64bc0ac5cd7e7fa014fa0\">To provide its customers with the best possible response to their needs, ETF offers comprehensive expertise through a network of regional branches located throughout France. They are able to intervene at very short notice and contribute to the economic development of the regions.<\/p>\n\n\n\n<p class=\"has-black-color has-text-color has-link-color has-medium-font-size wp-elements-8764e4c3c369c9c748a401860f3b4151\">ETF complements its expertise with agencies specialising in rail safety, catenaries, railway civil engineering and signalling.<\/p>\n<\/div><\/div>\n\n\n\n<div style=\"height:80px\" aria-hidden=\"true\" class=\"wp-block-spacer\"><\/div>\n\n\n\n<div class=\"wp-block-media-text alignwide has-media-on-the-right is-stacked-on-mobile is-image-fill\"><div class=\"wp-block-media-text__content\">\n<p class=\"has-text-align-left has-black-color has-text-color\" style=\"font-size:29px\"><strong>Agile and versatile, to tackle the complexity of major projects<\/strong><\/p>\n\n\n\n<p class=\"has-black-color has-text-color has-link-color has-medium-font-size wp-elements-90a833131760f1cd9c227081af77c6d2\"><strong>On the national rail network<\/strong>, thanks to work trains ensuring high-performance industrial regeneration.<\/p>\n\n\n\n<p class=\"has-black-color has-text-color has-link-color has-medium-font-size wp-elements-a770dee9476ebbeb0c93194b8d739116\"><strong>For cities<\/strong>, ETF positions itself as a systems integrator, providing all its expertise and know-how to manage the full range of rail mobility projects.<\/p>\n<\/div><figure class=\"wp-block-media-text__media\" style=\"background-image:url(https:\/\/www.etf.fr\/wp-content\/uploads\/2023\/07\/2021-GPU-Paris-Ligne-11-Viaduc-14-713x535.jpg);background-position:50% 50%\"><img loading=\"lazy\" decoding=\"async\" width=\"713\" height=\"535\" src=\"https:\/\/www.etf.fr\/wp-content\/uploads\/2023\/07\/2021-GPU-Paris-Ligne-11-Viaduc-14-713x535.jpg\" alt=\"\" class=\"wp-image-95045 size-full\" srcset=\"https:\/\/www.etf.fr\/wp-content\/uploads\/2023\/07\/2021-GPU-Paris-Ligne-11-Viaduc-14-713x535.jpg 713w, https:\/\/www.etf.fr\/wp-content\/uploads\/2023\/07\/2021-GPU-Paris-Ligne-11-Viaduc-14-250x188.jpg 250w, https:\/\/www.etf.fr\/wp-content\/uploads\/2023\/07\/2021-GPU-Paris-Ligne-11-Viaduc-14-527x395.jpg 527w, https:\/\/www.etf.fr\/wp-content\/uploads\/2023\/07\/2021-GPU-Paris-Ligne-11-Viaduc-14-1536x1152.jpg 1536w, https:\/\/www.etf.fr\/wp-content\/uploads\/2023\/07\/2021-GPU-Paris-Ligne-11-Viaduc-14-2048x1536.jpg 2048w\" sizes=\"auto, (max-width: 713px) 100vw, 713px\" \/><\/figure><\/div>\n\n\n\n<div style=\"height:80px\" aria-hidden=\"true\" class=\"wp-block-spacer\"><\/div>\n\n\n\n<div class=\"wp-block-media-text alignwide is-stacked-on-mobile is-image-fill\"><figure class=\"wp-block-media-text__media\" style=\"background-image:url(https:\/\/www.etf.fr\/wp-content\/uploads\/2023\/07\/ETFEgypte_Photo_65-951x535.jpg);background-position:50% 50%\"><img loading=\"lazy\" decoding=\"async\" width=\"951\" height=\"535\" src=\"https:\/\/www.etf.fr\/wp-content\/uploads\/2023\/07\/ETFEgypte_Photo_65-951x535.jpg\" alt=\"\" class=\"wp-image-95051 size-full\" srcset=\"https:\/\/www.etf.fr\/wp-content\/uploads\/2023\/07\/ETFEgypte_Photo_65-951x535.jpg 951w, https:\/\/www.etf.fr\/wp-content\/uploads\/2023\/07\/ETFEgypte_Photo_65-250x141.jpg 250w, https:\/\/www.etf.fr\/wp-content\/uploads\/2023\/07\/ETFEgypte_Photo_65-702x395.jpg 702w, https:\/\/www.etf.fr\/wp-content\/uploads\/2023\/07\/ETFEgypte_Photo_65-1536x864.jpg 1536w, https:\/\/www.etf.fr\/wp-content\/uploads\/2023\/07\/ETFEgypte_Photo_65-2048x1152.jpg 2048w\" sizes=\"auto, (max-width: 951px) 100vw, 951px\" \/><\/figure><div class=\"wp-block-media-text__content\">\n<p class=\"has-text-align-left has-black-color has-text-color\" style=\"font-size:29px\"><strong>An international outlook<strong> <\/strong><\/strong><\/p>\n\n\n\n<p class=\"has-text-align-left has-black-color has-text-color has-medium-font-size\">ETF has set up on several continents to carry out international projects, provide a long-term response to local needs and build lasting partnerships in Chile, Germany, Poland, Egypt, Luxembourg and Belgium.<\/p>\n<\/div><\/div>\n\n\n\n<div style=\"height:93px\" aria-hidden=\"true\" class=\"wp-block-spacer\"><\/div>\n\n\n\n<div style=\"height:20px\" aria-hidden=\"true\" class=\"wp-block-spacer\"><\/div>\n\n\n\n<div style=\"height:20px\" aria-hidden=\"true\" class=\"wp-block-spacer\"><\/div>\n\n\n\n<p> <\/p>\n","protected":false},"excerpt":{"rendered":"<p>ETF IS ORGANISED AROUND THREE TYPES OF ACTIVITY TO MEET THE NEEDS OF ITS CUSTOMERS\u00a0 Local presence To provide its&#8230;<\/p>\n","protected":false},"author":5,"featured_media":71445,"parent":813,"menu_order":51,"comment_status":"closed","ping_status":"closed","template":"","meta":{"_acf_changed":false,"footnotes":""},"class_list":["post-95033","page","type-page","status-publish","has-post-thumbnail","hentry"],"acf":[],"yoast_head":"<!-- This site is optimized with the Yoast SEO plugin v27.5 - https:\/\/yoast.com\/product\/yoast-seo-wordpress\/ -->\n<title>Organisation - ETF<\/title>\n<meta name=\"description\" content=\"ETF est la filiale\u00a0 ferroviaire d&#039;Eurovia (groupe VINCI). Notre mission est de d\u00e9velopper une mobilit\u00e9 ferroviaire s\u00fbre et rapide pour chacun.\" \/>\n<meta name=\"robots\" content=\"index, follow, max-snippet:-1, max-image-preview:large, max-video-preview:-1\" \/>\n<link rel=\"canonical\" href=\"https:\/\/www.etf.fr\/en\/about-us\/organisation\/\" \/>\n<meta property=\"og:locale\" content=\"en_US\" \/>\n<meta property=\"og:type\" content=\"article\" \/>\n<meta property=\"og:title\" content=\"Organisation - ETF\" \/>\n<meta property=\"og:description\" content=\"ETF est la filiale\u00a0 ferroviaire d&#039;Eurovia (groupe VINCI). Notre mission est de d\u00e9velopper une mobilit\u00e9 ferroviaire s\u00fbre et rapide pour chacun.\" \/>\n<meta property=\"og:url\" content=\"https:\/\/www.etf.fr\/en\/about-us\/organisation\/\" \/>\n<meta property=\"og:site_name\" content=\"ETF\" \/>\n<meta property=\"article:modified_time\" content=\"2024-01-31T09:28:37+00:00\" \/>\n<meta property=\"og:image\" content=\"https:\/\/www.etf.fr\/wp-content\/uploads\/2022\/09\/2021-04-02-043310488.jpg\" \/>\n\t<meta property=\"og:image:width\" content=\"1920\" \/>\n\t<meta property=\"og:image:height\" content=\"1080\" \/>\n\t<meta property=\"og:image:type\" content=\"image\/jpeg\" \/>\n<meta name=\"twitter:card\" content=\"summary_large_image\" \/>\n<meta name=\"twitter:label1\" content=\"Est. reading time\" \/>\n\t<meta name=\"twitter:data1\" content=\"2 minutes\" \/>\n<script type=\"application\/ld+json\" class=\"yoast-schema-graph\">{\"@context\":\"https:\\\/\\\/schema.org\",\"@graph\":[{\"@type\":\"WebPage\",\"@id\":\"https:\\\/\\\/www.etf.fr\\\/en\\\/about-us\\\/organisation\\\/\",\"url\":\"https:\\\/\\\/www.etf.fr\\\/en\\\/about-us\\\/organisation\\\/\",\"name\":\"Organisation - ETF\",\"isPartOf\":{\"@id\":\"https:\\\/\\\/www.etf.fr\\\/#website\"},\"primaryImageOfPage\":{\"@id\":\"https:\\\/\\\/www.etf.fr\\\/en\\\/about-us\\\/organisation\\\/#primaryimage\"},\"image\":{\"@id\":\"https:\\\/\\\/www.etf.fr\\\/en\\\/about-us\\\/organisation\\\/#primaryimage\"},\"thumbnailUrl\":\"https:\\\/\\\/www.etf.fr\\\/wp-content\\\/uploads\\\/2022\\\/09\\\/2021-04-02-043310488.jpg\",\"datePublished\":\"2023-07-12T14:28:36+00:00\",\"dateModified\":\"2024-01-31T09:28:37+00:00\",\"description\":\"ETF est la filiale\u00a0 ferroviaire d'Eurovia (groupe VINCI). Notre mission est de d\u00e9velopper une mobilit\u00e9 ferroviaire s\u00fbre et rapide pour chacun.\",\"breadcrumb\":{\"@id\":\"https:\\\/\\\/www.etf.fr\\\/en\\\/about-us\\\/organisation\\\/#breadcrumb\"},\"inLanguage\":\"en-US\",\"potentialAction\":[{\"@type\":\"ReadAction\",\"target\":[\"https:\\\/\\\/www.etf.fr\\\/en\\\/about-us\\\/organisation\\\/\"]}]},{\"@type\":\"ImageObject\",\"inLanguage\":\"en-US\",\"@id\":\"https:\\\/\\\/www.etf.fr\\\/en\\\/about-us\\\/organisation\\\/#primaryimage\",\"url\":\"https:\\\/\\\/www.etf.fr\\\/wp-content\\\/uploads\\\/2022\\\/09\\\/2021-04-02-043310488.jpg\",\"contentUrl\":\"https:\\\/\\\/www.etf.fr\\\/wp-content\\\/uploads\\\/2022\\\/09\\\/2021-04-02-043310488.jpg\",\"width\":1920,\"height\":1080,\"caption\":\"Processed with VSCO with preset\"},{\"@type\":\"BreadcrumbList\",\"@id\":\"https:\\\/\\\/www.etf.fr\\\/en\\\/about-us\\\/organisation\\\/#breadcrumb\",\"itemListElement\":[{\"@type\":\"ListItem\",\"position\":1,\"name\":\"Accueil\",\"item\":\"https:\\\/\\\/www.etf.fr\\\/en\\\/\"},{\"@type\":\"ListItem\",\"position\":2,\"name\":\"About us\",\"item\":\"https:\\\/\\\/www.etf.fr\\\/en\\\/about-us\\\/\"},{\"@type\":\"ListItem\",\"position\":3,\"name\":\"Organisation\"}]},{\"@type\":\"WebSite\",\"@id\":\"https:\\\/\\\/www.etf.fr\\\/#website\",\"url\":\"https:\\\/\\\/www.etf.fr\\\/\",\"name\":\"ETF\",\"description\":\"Your transport partner worldwide\",\"publisher\":{\"@id\":\"https:\\\/\\\/www.etf.fr\\\/#organization\"},\"potentialAction\":[{\"@type\":\"SearchAction\",\"target\":{\"@type\":\"EntryPoint\",\"urlTemplate\":\"https:\\\/\\\/www.etf.fr\\\/?s={search_term_string}\"},\"query-input\":{\"@type\":\"PropertyValueSpecification\",\"valueRequired\":true,\"valueName\":\"search_term_string\"}}],\"inLanguage\":\"en-US\"},{\"@type\":\"Organization\",\"@id\":\"https:\\\/\\\/www.etf.fr\\\/#organization\",\"name\":\"ETF\",\"url\":\"https:\\\/\\\/www.etf.fr\\\/\",\"logo\":{\"@type\":\"ImageObject\",\"inLanguage\":\"en-US\",\"@id\":\"https:\\\/\\\/www.etf.fr\\\/#\\\/schema\\\/logo\\\/image\\\/\",\"url\":\"https:\\\/\\\/www.etf.fr\\\/wp-content\\\/uploads\\\/2019\\\/03\\\/logo-ETF.png\",\"contentUrl\":\"https:\\\/\\\/www.etf.fr\\\/wp-content\\\/uploads\\\/2019\\\/03\\\/logo-ETF.png\",\"width\":272,\"height\":161,\"caption\":\"ETF\"},\"image\":{\"@id\":\"https:\\\/\\\/www.etf.fr\\\/#\\\/schema\\\/logo\\\/image\\\/\"}}]}<\/script>\n<!-- \/ Yoast SEO plugin. -->","yoast_head_json":{"title":"Organisation - ETF","description":"ETF est la filiale\u00a0 ferroviaire d'Eurovia (groupe VINCI). Notre mission est de d\u00e9velopper une mobilit\u00e9 ferroviaire s\u00fbre et rapide pour chacun.","robots":{"index":"index","follow":"follow","max-snippet":"max-snippet:-1","max-image-preview":"max-image-preview:large","max-video-preview":"max-video-preview:-1"},"canonical":"https:\/\/www.etf.fr\/en\/about-us\/organisation\/","og_locale":"en_US","og_type":"article","og_title":"Organisation - ETF","og_description":"ETF est la filiale\u00a0 ferroviaire d'Eurovia (groupe VINCI). Notre mission est de d\u00e9velopper une mobilit\u00e9 ferroviaire s\u00fbre et rapide pour chacun.","og_url":"https:\/\/www.etf.fr\/en\/about-us\/organisation\/","og_site_name":"ETF","article_modified_time":"2024-01-31T09:28:37+00:00","og_image":[{"width":1920,"height":1080,"url":"https:\/\/www.etf.fr\/wp-content\/uploads\/2022\/09\/2021-04-02-043310488.jpg","type":"image\/jpeg"}],"twitter_card":"summary_large_image","twitter_misc":{"Est. reading time":"2 minutes"},"schema":{"@context":"https:\/\/schema.org","@graph":[{"@type":"WebPage","@id":"https:\/\/www.etf.fr\/en\/about-us\/organisation\/","url":"https:\/\/www.etf.fr\/en\/about-us\/organisation\/","name":"Organisation - ETF","isPartOf":{"@id":"https:\/\/www.etf.fr\/#website"},"primaryImageOfPage":{"@id":"https:\/\/www.etf.fr\/en\/about-us\/organisation\/#primaryimage"},"image":{"@id":"https:\/\/www.etf.fr\/en\/about-us\/organisation\/#primaryimage"},"thumbnailUrl":"https:\/\/www.etf.fr\/wp-content\/uploads\/2022\/09\/2021-04-02-043310488.jpg","datePublished":"2023-07-12T14:28:36+00:00","dateModified":"2024-01-31T09:28:37+00:00","description":"ETF est la filiale\u00a0 ferroviaire d'Eurovia (groupe VINCI). Notre mission est de d\u00e9velopper une mobilit\u00e9 ferroviaire s\u00fbre et rapide pour chacun.","breadcrumb":{"@id":"https:\/\/www.etf.fr\/en\/about-us\/organisation\/#breadcrumb"},"inLanguage":"en-US","potentialAction":[{"@type":"ReadAction","target":["https:\/\/www.etf.fr\/en\/about-us\/organisation\/"]}]},{"@type":"ImageObject","inLanguage":"en-US","@id":"https:\/\/www.etf.fr\/en\/about-us\/organisation\/#primaryimage","url":"https:\/\/www.etf.fr\/wp-content\/uploads\/2022\/09\/2021-04-02-043310488.jpg","contentUrl":"https:\/\/www.etf.fr\/wp-content\/uploads\/2022\/09\/2021-04-02-043310488.jpg","width":1920,"height":1080,"caption":"Processed with VSCO with preset"},{"@type":"BreadcrumbList","@id":"https:\/\/www.etf.fr\/en\/about-us\/organisation\/#breadcrumb","itemListElement":[{"@type":"ListItem","position":1,"name":"Accueil","item":"https:\/\/www.etf.fr\/en\/"},{"@type":"ListItem","position":2,"name":"About us","item":"https:\/\/www.etf.fr\/en\/about-us\/"},{"@type":"ListItem","position":3,"name":"Organisation"}]},{"@type":"WebSite","@id":"https:\/\/www.etf.fr\/#website","url":"https:\/\/www.etf.fr\/","name":"ETF","description":"Your transport partner worldwide","publisher":{"@id":"https:\/\/www.etf.fr\/#organization"},"potentialAction":[{"@type":"SearchAction","target":{"@type":"EntryPoint","urlTemplate":"https:\/\/www.etf.fr\/?s={search_term_string}"},"query-input":{"@type":"PropertyValueSpecification","valueRequired":true,"valueName":"search_term_string"}}],"inLanguage":"en-US"},{"@type":"Organization","@id":"https:\/\/www.etf.fr\/#organization","name":"ETF","url":"https:\/\/www.etf.fr\/","logo":{"@type":"ImageObject","inLanguage":"en-US","@id":"https:\/\/www.etf.fr\/#\/schema\/logo\/image\/","url":"https:\/\/www.etf.fr\/wp-content\/uploads\/2019\/03\/logo-ETF.png","contentUrl":"https:\/\/www.etf.fr\/wp-content\/uploads\/2019\/03\/logo-ETF.png","width":272,"height":161,"caption":"ETF"},"image":{"@id":"https:\/\/www.etf.fr\/#\/schema\/logo\/image\/"}}]}},"_links":{"self":[{"href":"https:\/\/www.etf.fr\/en\/wp-json\/wp\/v2\/pages\/95033","targetHints":{"allow":["GET"]}}],"collection":[{"href":"https:\/\/www.etf.fr\/en\/wp-json\/wp\/v2\/pages"}],"about":[{"href":"https:\/\/www.etf.fr\/en\/wp-json\/wp\/v2\/types\/page"}],"author":[{"embeddable":true,"href":"https:\/\/www.etf.fr\/en\/wp-json\/wp\/v2\/users\/5"}],"replies":[{"embeddable":true,"href":"https:\/\/www.etf.fr\/en\/wp-json\/wp\/v2\/comments?post=95033"}],"version-history":[{"count":0,"href":"https:\/\/www.etf.fr\/en\/wp-json\/wp\/v2\/pages\/95033\/revisions"}],"up":[{"embeddable":true,"href":"https:\/\/www.etf.fr\/en\/wp-json\/wp\/v2\/pages\/813"}],"wp:featuredmedia":[{"embeddable":true,"href":"https:\/\/www.etf.fr\/en\/wp-json\/wp\/v2\/media\/71445"}],"wp:attachment":[{"href":"https:\/\/www.etf.fr\/en\/wp-json\/wp\/v2\/media?parent=95033"}],"curies":[{"name":"wp","href":"https:\/\/api.w.org\/{rel}","templated":true}]}}